{"id":29,"date":"2025-07-06T13:38:20","date_gmt":"2025-07-06T13:38:20","guid":{"rendered":"https:\/\/kamilozekli.inodemo.com.tr\/?page_id=29"},"modified":"2025-07-06T13:54:40","modified_gmt":"2025-07-06T13:54:40","slug":"contact-us","status":"publish","type":"page","link":"https:\/\/kamilozekli.inodemo.com.tr\/?page_id=29","title":{"rendered":"\u0130leti\u015fim"},"content":{"rendered":"\n<div style=\"max-width:800px; margin:auto; padding:20px; background:#fff; border-radius:10px; box-shadow:0 2px 8px rgba(0,0,0,0.1);\">\n\n  <p><strong>\ud83d\udccd Adres:<\/strong> Alsancak, 1400. Sk. No:6, 35220 Konak\/\u0130zmir<\/p>\n  <p><strong>\ud83d\udcde Telefon:<\/strong> <a href=\"tel:+905303178869\">+90 530 317 88 69<\/a><\/p>\n  <p><strong>\u2709 E-Posta:<\/strong> <a href=\"mailto:kamilozekli2@gmail.com\">kamilozekli2@gmail.com<\/a><\/p>\n\n  <hr style=\"margin:30px 0;\">\n\n  <h3 style=\"margin-bottom:10px;\">Google Harita<\/h3>\n  <div style=\"width:100%; height:400px; border-radius:8px; overflow:hidden;\">\n    <iframe \n      src=\"https:\/\/www.google.com\/maps\/embed?pb=!1m18!1m12!1m3!1d3132.0461017702945!2d27.13032661561504!3d38.433121779643746!2m3!1f0!2f0!3f0!3m2!1i1024!2i768!4f13.1!3m3!1m2!1s0x14bbd8c8874f7151%3A0x5f5fd3ecad1c36c6!2s1400.%20Sk.%20No%3A6%2C%2035220%20Konak%2F%C4%B0zmir!5e0!3m2!1str!2str!4v1720262721509!5m2!1str!2str\" \n      width=\"100%\" \n      height=\"100%\" \n      style=\"border:0;\" \n      allowfullscreen=\"\" \n      loading=\"lazy\" \n      referrerpolicy=\"no-referrer-when-downgrade\">\n    <\/iframe>\n  <\/div>\n<\/div>\n\n\n\n<p><\/p>\n","protected":false},"excerpt":{"rendered":"<p>\ud83d\udccd Adres: Alsancak, 1400. Sk. No:6, 35220 Konak\/\u0130zmir \ud83d\udcde Telefon: +90 530 317 88 69 \u2709 E-Posta: kamilozekli2@gmail.com Google Harita<\/p>\n","protected":false},"author":1,"featured_media":0,"parent":0,"menu_order":0,"comment_status":"closed","ping_status":"closed","template":"","meta":{"footnotes":""},"class_list":["post-29","page","type-page","status-publish","hentry"],"yoast_head":"<!-- This site is optimized with the Yoast SEO plugin v25.4 - https:\/\/yoast.com\/wordpress\/plugins\/seo\/ -->\n<title>\u0130leti\u015fim - Uzm. Dr. Kamil \u00d6ZEKL\u0130<\/title>\n<meta name=\"robots\" content=\"index, follow, max-snippet:-1, max-image-preview:large, max-video-preview:-1\" \/>\n<link rel=\"canonical\" href=\"https:\/\/kamilozekli.inodemo.com.tr\/?page_id=29\" \/>\n<meta property=\"og:locale\" content=\"tr_TR\" \/>\n<meta property=\"og:type\" content=\"article\" \/>\n<meta property=\"og:title\" content=\"\u0130leti\u015fim - Uzm. Dr. Kamil \u00d6ZEKL\u0130\" \/>\n<meta property=\"og:description\" content=\"\ud83d\udccd Adres: Alsancak, 1400. Sk. No:6, 35220 Konak\/\u0130zmir \ud83d\udcde Telefon: +90 530 317 88 69 \u2709 E-Posta: kamilozekli2@gmail.com Google Harita\" \/>\n<meta property=\"og:url\" content=\"https:\/\/kamilozekli.inodemo.com.tr\/?page_id=29\" \/>\n<meta property=\"og:site_name\" content=\"Uzm. Dr. Kamil \u00d6ZEKL\u0130\" \/>\n<meta property=\"article:modified_time\" content=\"2025-07-06T13:54:40+00:00\" \/>\n<meta name=\"twitter:card\" content=\"summary_large_image\" \/>\n<meta name=\"twitter:label1\" content=\"Tahmini okuma s\u00fcresi\" \/>\n\t<meta name=\"twitter:data1\" content=\"1 dakika\" \/>\n<script type=\"application\/ld+json\" class=\"yoast-schema-graph\">{\"@context\":\"https:\/\/schema.org\",\"@graph\":[{\"@type\":\"WebPage\",\"@id\":\"https:\/\/kamilozekli.inodemo.com.tr\/?page_id=29\",\"url\":\"https:\/\/kamilozekli.inodemo.com.tr\/?page_id=29\",\"name\":\"\u0130leti\u015fim - Uzm. Dr. Kamil \u00d6ZEKL\u0130\",\"isPartOf\":{\"@id\":\"https:\/\/kamilozekli.inodemo.com.tr\/#website\"},\"datePublished\":\"2025-07-06T13:38:20+00:00\",\"dateModified\":\"2025-07-06T13:54:40+00:00\",\"breadcrumb\":{\"@id\":\"https:\/\/kamilozekli.inodemo.com.tr\/?page_id=29#breadcrumb\"},\"inLanguage\":\"tr\",\"potentialAction\":[{\"@type\":\"ReadAction\",\"target\":[\"https:\/\/kamilozekli.inodemo.com.tr\/?page_id=29\"]}]},{\"@type\":\"BreadcrumbList\",\"@id\":\"https:\/\/kamilozekli.inodemo.com.tr\/?page_id=29#breadcrumb\",\"itemListElement\":[{\"@type\":\"ListItem\",\"position\":1,\"name\":\"Anasayfa\",\"item\":\"https:\/\/kamilozekli.inodemo.com.tr\/\"},{\"@type\":\"ListItem\",\"position\":2,\"name\":\"\u0130leti\u015fim\"}]},{\"@type\":\"WebSite\",\"@id\":\"https:\/\/kamilozekli.inodemo.com.tr\/#website\",\"url\":\"https:\/\/kamilozekli.inodemo.com.tr\/\",\"name\":\"Uzm. Dr. Kamil \u00d6ZEKL\u0130\",\"description\":\"\",\"potentialAction\":[{\"@type\":\"SearchAction\",\"target\":{\"@type\":\"EntryPoint\",\"urlTemplate\":\"https:\/\/kamilozekli.inodemo.com.tr\/?s={search_term_string}\"},\"query-input\":{\"@type\":\"PropertyValueSpecification\",\"valueRequired\":true,\"valueName\":\"search_term_string\"}}],\"inLanguage\":\"tr\"}]}<\/script>\n<!-- \/ Yoast SEO plugin. -->","yoast_head_json":{"title":"\u0130leti\u015fim - Uzm. Dr. Kamil \u00d6ZEKL\u0130","robots":{"index":"index","follow":"follow","max-snippet":"max-snippet:-1","max-image-preview":"max-image-preview:large","max-video-preview":"max-video-preview:-1"},"canonical":"https:\/\/kamilozekli.inodemo.com.tr\/?page_id=29","og_locale":"tr_TR","og_type":"article","og_title":"\u0130leti\u015fim - Uzm. Dr. Kamil \u00d6ZEKL\u0130","og_description":"\ud83d\udccd Adres: Alsancak, 1400. Sk. No:6, 35220 Konak\/\u0130zmir \ud83d\udcde Telefon: +90 530 317 88 69 \u2709 E-Posta: kamilozekli2@gmail.com Google Harita","og_url":"https:\/\/kamilozekli.inodemo.com.tr\/?page_id=29","og_site_name":"Uzm. Dr. Kamil \u00d6ZEKL\u0130","article_modified_time":"2025-07-06T13:54:40+00:00","twitter_card":"summary_large_image","twitter_misc":{"Tahmini okuma s\u00fcresi":"1 dakika"},"schema":{"@context":"https:\/\/schema.org","@graph":[{"@type":"WebPage","@id":"https:\/\/kamilozekli.inodemo.com.tr\/?page_id=29","url":"https:\/\/kamilozekli.inodemo.com.tr\/?page_id=29","name":"\u0130leti\u015fim - Uzm. Dr. Kamil \u00d6ZEKL\u0130","isPartOf":{"@id":"https:\/\/kamilozekli.inodemo.com.tr\/#website"},"datePublished":"2025-07-06T13:38:20+00:00","dateModified":"2025-07-06T13:54:40+00:00","breadcrumb":{"@id":"https:\/\/kamilozekli.inodemo.com.tr\/?page_id=29#breadcrumb"},"inLanguage":"tr","potentialAction":[{"@type":"ReadAction","target":["https:\/\/kamilozekli.inodemo.com.tr\/?page_id=29"]}]},{"@type":"BreadcrumbList","@id":"https:\/\/kamilozekli.inodemo.com.tr\/?page_id=29#breadcrumb","itemListElement":[{"@type":"ListItem","position":1,"name":"Anasayfa","item":"https:\/\/kamilozekli.inodemo.com.tr\/"},{"@type":"ListItem","position":2,"name":"\u0130leti\u015fim"}]},{"@type":"WebSite","@id":"https:\/\/kamilozekli.inodemo.com.tr\/#website","url":"https:\/\/kamilozekli.inodemo.com.tr\/","name":"Uzm. Dr. Kamil \u00d6ZEKL\u0130","description":"","potentialAction":[{"@type":"SearchAction","target":{"@type":"EntryPoint","urlTemplate":"https:\/\/kamilozekli.inodemo.com.tr\/?s={search_term_string}"},"query-input":{"@type":"PropertyValueSpecification","valueRequired":true,"valueName":"search_term_string"}}],"inLanguage":"tr"}]}},"_links":{"self":[{"href":"https:\/\/kamilozekli.inodemo.com.tr\/index.php?rest_route=\/wp\/v2\/pages\/29","targetHints":{"allow":["GET"]}}],"collection":[{"href":"https:\/\/kamilozekli.inodemo.com.tr\/index.php?rest_route=\/wp\/v2\/pages"}],"about":[{"href":"https:\/\/kamilozekli.inodemo.com.tr\/index.php?rest_route=\/wp\/v2\/types\/page"}],"author":[{"embeddable":true,"href":"https:\/\/kamilozekli.inodemo.com.tr\/index.php?rest_route=\/wp\/v2\/users\/1"}],"replies":[{"embeddable":true,"href":"https:\/\/kamilozekli.inodemo.com.tr\/index.php?rest_route=%2Fwp%2Fv2%2Fcomments&post=29"}],"version-history":[{"count":2,"href":"https:\/\/kamilozekli.inodemo.com.tr\/index.php?rest_route=\/wp\/v2\/pages\/29\/revisions"}],"predecessor-version":[{"id":43,"href":"https:\/\/kamilozekli.inodemo.com.tr\/index.php?rest_route=\/wp\/v2\/pages\/29\/revisions\/43"}],"wp:attachment":[{"href":"https:\/\/kamilozekli.inodemo.com.tr\/index.php?rest_route=%2Fwp%2Fv2%2Fmedia&parent=29"}],"curies":[{"name":"wp","href":"https:\/\/api.w.org\/{rel}","templated":true}]}}