{"id":10,"date":"2025-07-06T13:30:02","date_gmt":"2025-07-06T13:30:02","guid":{"rendered":"https:\/\/kamilozekli.inodemo.com.tr\/?page_id=10"},"modified":"2025-07-06T14:02:08","modified_gmt":"2025-07-06T14:02:08","slug":"pages","status":"publish","type":"page","link":"https:\/\/kamilozekli.inodemo.com.tr\/?page_id=10","title":{"rendered":"Kurumsal"},"content":{"rendered":"<div style=\"max-width:1000px; margin:auto; padding:20px; background:#fff; border-radius:12px; box-shadow:0 3px 12px rgba(0,0,0,0.05);\">\n<p>  <!-- Doktor Tan\u0131t\u0131m\u0131 --><strong>Uzm. Dr. Kamil \u00d6zekli<\/strong>, i\u00e7 hastal\u0131klar\u0131 ve endokrinoloji alan\u0131nda uzmanla\u015fm\u0131\u015f, \u00f6zellikle <strong>tiroid hastal\u0131klar\u0131<\/strong> \u00fczerine yo\u011funla\u015fm\u0131\u015f bir hekimdir. Ha\u015fimato, hipertiroidi, tiroidit, nod\u00fcller ve tiroid kanseri ba\u015fta olmak \u00fczere bir\u00e7ok tiroid rahats\u0131zl\u0131\u011f\u0131n\u0131n tan\u0131 ve tedavisinde uzun y\u0131llard\u0131r hastalar\u0131na g\u00fcvenle hizmet vermektedir.<\/p>\n<p><!-- G\u00f6rsel Alan\u0131 --><\/p>\n<div style=\"text-align:center; margin:30px 0;\">\n    <img decoding=\"async\" src=\"https:\/\/via.placeholder.com\/800x400?text=Kamil+%C3%96zekli+Klinik\" alt=\"Uzm. Dr. Kamil \u00d6zekli\" style=\"max-width:100%; border-radius:8px;\"><\/div>\n<p><!-- Video --><\/p>\n<h3 style=\"margin-top:40px;\">Tan\u0131t\u0131m Videosu<\/h3>\n<div style=\"position:relative; padding-bottom:56.25%; height:0; overflow:hidden; margin-bottom:30px;\">\n    <iframe src=\"https:\/\/www.youtube.com\/embed\/YOUTUBE_VIDEO_ID\" \n            style=\"position:absolute; top:0; left:0; width:100%; height:100%;\" \n            frameborder=\"0\" allowfullscreen><\/iframe><\/div>\n<p><!-- Misyon --><\/p>\n<h3>Misyonumuz<\/h3>\n<p>Bilimsel temelli, etik de\u011ferlere ba\u011fl\u0131 ve bireye \u00f6zel sa\u011fl\u0131k hizmeti sunarak tiroid hastalar\u0131n\u0131n ya\u015fam kalitesini art\u0131rmak.<\/p>\n<p><!-- Vizyon --><\/p>\n<h3>Vizyonumuz<\/h3>\n<p>T\u00fcrkiye\u2019de tiroid sa\u011fl\u0131\u011f\u0131 alan\u0131nda en \u00e7ok g\u00fcvenilen ve ba\u015fvurulan uzman hekimlerden biri olmak. Tan\u0131 ve tedavi s\u00fcre\u00e7lerinde g\u00fcncel teknolojiyi kullanan, hasta odakl\u0131 bir yakla\u015f\u0131m sunmak.<\/p>\n<p><!-- Etik De\u011ferler --><\/p>\n<h3>Etik De\u011ferlerimiz<\/h3>\n<ul style=\"line-height:1.8;\">\n<li>Hastalar\u0131n haklar\u0131na ve mahremiyetine sayg\u0131<\/li>\n<li>\u015eeffaf ileti\u015fim ve g\u00fcven temelli doktor-hasta ili\u015fkisi<\/li>\n<li>Kan\u0131ta dayal\u0131 ve g\u00fcncel t\u0131bbi uygulamalar<\/li>\n<li>Mesleki sorumluluk, s\u00fcrekli geli\u015fim ve \u00f6\u011frenmeye a\u00e7\u0131k olmak<\/li>\n<\/ul>\n<p><!-- Dernek \u00dcyelikleri --><\/p>\n<h3>\u00dcyelik ve Sertifikalar<\/h3>\n<ul style=\"line-height:1.8;\">\n<li>T\u00fcrk Endokrinoloji ve Metabolizma Derne\u011fi (\u00dcye)<\/li>\n<li>Tiroid Derne\u011fi<\/li>\n<li>\u0130\u00e7 Hastal\u0131klar\u0131 Uzmanlar\u0131 Derne\u011fi<\/li>\n<li>Radyoaktif \u0130yot Tedavi Yetki Sertifikas\u0131<\/li>\n<\/ul>\n<p><!-- \u0130leti\u015fim Bilgileri --><\/p>\n<h3>\u0130leti\u015fim<\/h3>\n<p><strong>\ud83d\udccd Adres:<\/strong> Alsancak, 1400. Sk. No:6, 35220 Konak\/\u0130zmir<\/p>\n<p><strong>\ud83d\udcde Telefon:<\/strong> <a href=\"tel:+905303178869\">+90 530 317 88 69<\/a><\/p>\n<p><strong>\u2709 E-Posta:<\/strong> <a href=\"mailto:kamilozekli2@gmail.com\">kamilozekli2@gmail.com<\/a><\/p>\n<p><!-- Harita --><\/p>\n<div style=\"margin-top:30px; border-radius:10px; overflow:hidden;\">\n    <iframe \n      src=\"https:\/\/www.google.com\/maps\/embed?pb=!1m18!1m12!1m3!1d3132.0461017702945!2d27.13032661561504!3d38.433121779643746!2m3!1f0!2f0!3f0!3m2!1i1024!2i768!4f13.1!3m3!1m2!1s0x14bbd8c8874f7151%3A0x5f5fd3ecad1c36c6!2s1400.%20Sk.%20No%3A6%2C%2035220%20Konak%2F%C4%B0zmir!5e0!3m2!1str!2str!4v1720262721509!5m2!1str!2str\" \n      width=\"100%\" \n      height=\"400\" \n      style=\"border:0;\" \n      allowfullscreen=\"\" \n      loading=\"lazy\"><br \/>\n    <\/iframe><\/div>\n<\/div>\n","protected":false},"excerpt":{"rendered":"<p>Uzm. Dr. Kamil \u00d6zekli, i\u00e7 hastal\u0131klar\u0131 ve endokrinoloji alan\u0131nda uzmanla\u015fm\u0131\u015f, \u00f6zellikle tiroid hastal\u0131klar\u0131 \u00fczerine yo\u011funla\u015fm\u0131\u015f bir hekimdir. Ha\u015fimato, hipertiroidi, tiroidit, nod\u00fcller ve tiroid kanseri ba\u015fta olmak \u00fczere bir\u00e7ok tiroid rahats\u0131zl\u0131\u011f\u0131n\u0131n tan\u0131 ve tedavisinde uzun y\u0131llard\u0131r hastalar\u0131na g\u00fcvenle hizmet vermektedir. Tan\u0131t\u0131m Videosu Misyonumuz Bilimsel temelli, etik de\u011ferlere ba\u011fl\u0131 ve bireye \u00f6zel sa\u011fl\u0131k hizmeti sunarak tiroid hastalar\u0131n\u0131n [&hellip;]<\/p>\n","protected":false},"author":1,"featured_media":0,"parent":0,"menu_order":0,"comment_status":"closed","ping_status":"closed","template":"","meta":{"footnotes":""},"class_list":["post-10","page","type-page","status-publish","hentry"],"yoast_head":"<!-- This site is optimized with the Yoast SEO plugin v25.4 - https:\/\/yoast.com\/wordpress\/plugins\/seo\/ -->\n<title>Kurumsal - Uzm. Dr. Kamil \u00d6ZEKL\u0130<\/title>\n<meta name=\"robots\" content=\"index, follow, max-snippet:-1, max-image-preview:large, max-video-preview:-1\" \/>\n<link rel=\"canonical\" href=\"https:\/\/kamilozekli.inodemo.com.tr\/?page_id=10\" \/>\n<meta property=\"og:locale\" content=\"tr_TR\" \/>\n<meta property=\"og:type\" content=\"article\" \/>\n<meta property=\"og:title\" content=\"Kurumsal - Uzm. Dr. Kamil \u00d6ZEKL\u0130\" \/>\n<meta property=\"og:description\" content=\"Uzm. Dr. Kamil \u00d6zekli, i\u00e7 hastal\u0131klar\u0131 ve endokrinoloji alan\u0131nda uzmanla\u015fm\u0131\u015f, \u00f6zellikle tiroid hastal\u0131klar\u0131 \u00fczerine yo\u011funla\u015fm\u0131\u015f bir hekimdir. Ha\u015fimato, hipertiroidi, tiroidit, nod\u00fcller ve tiroid kanseri ba\u015fta olmak \u00fczere bir\u00e7ok tiroid rahats\u0131zl\u0131\u011f\u0131n\u0131n tan\u0131 ve tedavisinde uzun y\u0131llard\u0131r hastalar\u0131na g\u00fcvenle hizmet vermektedir. Tan\u0131t\u0131m Videosu Misyonumuz Bilimsel temelli, etik de\u011ferlere ba\u011fl\u0131 ve bireye \u00f6zel sa\u011fl\u0131k hizmeti sunarak tiroid hastalar\u0131n\u0131n [&hellip;]\" \/>\n<meta property=\"og:url\" content=\"https:\/\/kamilozekli.inodemo.com.tr\/?page_id=10\" \/>\n<meta property=\"og:site_name\" content=\"Uzm. Dr. Kamil \u00d6ZEKL\u0130\" \/>\n<meta property=\"article:modified_time\" content=\"2025-07-06T14:02:08+00:00\" \/>\n<meta property=\"og:image\" content=\"https:\/\/via.placeholder.com\/800x400?text=Kamil+%C3%96zekli+Klinik\" \/>\n<meta name=\"twitter:card\" content=\"summary_large_image\" \/>\n<meta name=\"twitter:label1\" content=\"Tahmini okuma s\u00fcresi\" \/>\n\t<meta name=\"twitter:data1\" content=\"2 dakika\" \/>\n<script type=\"application\/ld+json\" class=\"yoast-schema-graph\">{\"@context\":\"https:\/\/schema.org\",\"@graph\":[{\"@type\":\"WebPage\",\"@id\":\"https:\/\/kamilozekli.inodemo.com.tr\/?page_id=10\",\"url\":\"https:\/\/kamilozekli.inodemo.com.tr\/?page_id=10\",\"name\":\"Kurumsal - Uzm. Dr. Kamil \u00d6ZEKL\u0130\",\"isPartOf\":{\"@id\":\"https:\/\/kamilozekli.inodemo.com.tr\/#website\"},\"primaryImageOfPage\":{\"@id\":\"https:\/\/kamilozekli.inodemo.com.tr\/?page_id=10#primaryimage\"},\"image\":{\"@id\":\"https:\/\/kamilozekli.inodemo.com.tr\/?page_id=10#primaryimage\"},\"thumbnailUrl\":\"https:\/\/via.placeholder.com\/800x400?text=Kamil+%C3%96zekli+Klinik\",\"datePublished\":\"2025-07-06T13:30:02+00:00\",\"dateModified\":\"2025-07-06T14:02:08+00:00\",\"breadcrumb\":{\"@id\":\"https:\/\/kamilozekli.inodemo.com.tr\/?page_id=10#breadcrumb\"},\"inLanguage\":\"tr\",\"potentialAction\":[{\"@type\":\"ReadAction\",\"target\":[\"https:\/\/kamilozekli.inodemo.com.tr\/?page_id=10\"]}]},{\"@type\":\"ImageObject\",\"inLanguage\":\"tr\",\"@id\":\"https:\/\/kamilozekli.inodemo.com.tr\/?page_id=10#primaryimage\",\"url\":\"https:\/\/via.placeholder.com\/800x400?text=Kamil+%C3%96zekli+Klinik\",\"contentUrl\":\"https:\/\/via.placeholder.com\/800x400?text=Kamil+%C3%96zekli+Klinik\"},{\"@type\":\"BreadcrumbList\",\"@id\":\"https:\/\/kamilozekli.inodemo.com.tr\/?page_id=10#breadcrumb\",\"itemListElement\":[{\"@type\":\"ListItem\",\"position\":1,\"name\":\"Anasayfa\",\"item\":\"https:\/\/kamilozekli.inodemo.com.tr\/\"},{\"@type\":\"ListItem\",\"position\":2,\"name\":\"Kurumsal\"}]},{\"@type\":\"WebSite\",\"@id\":\"https:\/\/kamilozekli.inodemo.com.tr\/#website\",\"url\":\"https:\/\/kamilozekli.inodemo.com.tr\/\",\"name\":\"Uzm. Dr. Kamil \u00d6ZEKL\u0130\",\"description\":\"\",\"potentialAction\":[{\"@type\":\"SearchAction\",\"target\":{\"@type\":\"EntryPoint\",\"urlTemplate\":\"https:\/\/kamilozekli.inodemo.com.tr\/?s={search_term_string}\"},\"query-input\":{\"@type\":\"PropertyValueSpecification\",\"valueRequired\":true,\"valueName\":\"search_term_string\"}}],\"inLanguage\":\"tr\"}]}<\/script>\n<!-- \/ Yoast SEO plugin. -->","yoast_head_json":{"title":"Kurumsal - Uzm. Dr. Kamil \u00d6ZEKL\u0130","robots":{"index":"index","follow":"follow","max-snippet":"max-snippet:-1","max-image-preview":"max-image-preview:large","max-video-preview":"max-video-preview:-1"},"canonical":"https:\/\/kamilozekli.inodemo.com.tr\/?page_id=10","og_locale":"tr_TR","og_type":"article","og_title":"Kurumsal - Uzm. Dr. Kamil \u00d6ZEKL\u0130","og_description":"Uzm. Dr. Kamil \u00d6zekli, i\u00e7 hastal\u0131klar\u0131 ve endokrinoloji alan\u0131nda uzmanla\u015fm\u0131\u015f, \u00f6zellikle tiroid hastal\u0131klar\u0131 \u00fczerine yo\u011funla\u015fm\u0131\u015f bir hekimdir. Ha\u015fimato, hipertiroidi, tiroidit, nod\u00fcller ve tiroid kanseri ba\u015fta olmak \u00fczere bir\u00e7ok tiroid rahats\u0131zl\u0131\u011f\u0131n\u0131n tan\u0131 ve tedavisinde uzun y\u0131llard\u0131r hastalar\u0131na g\u00fcvenle hizmet vermektedir. Tan\u0131t\u0131m Videosu Misyonumuz Bilimsel temelli, etik de\u011ferlere ba\u011fl\u0131 ve bireye \u00f6zel sa\u011fl\u0131k hizmeti sunarak tiroid hastalar\u0131n\u0131n [&hellip;]","og_url":"https:\/\/kamilozekli.inodemo.com.tr\/?page_id=10","og_site_name":"Uzm. Dr. Kamil \u00d6ZEKL\u0130","article_modified_time":"2025-07-06T14:02:08+00:00","og_image":[{"url":"https:\/\/via.placeholder.com\/800x400?text=Kamil+%C3%96zekli+Klinik","type":"","width":"","height":""}],"twitter_card":"summary_large_image","twitter_misc":{"Tahmini okuma s\u00fcresi":"2 dakika"},"schema":{"@context":"https:\/\/schema.org","@graph":[{"@type":"WebPage","@id":"https:\/\/kamilozekli.inodemo.com.tr\/?page_id=10","url":"https:\/\/kamilozekli.inodemo.com.tr\/?page_id=10","name":"Kurumsal - Uzm. Dr. Kamil \u00d6ZEKL\u0130","isPartOf":{"@id":"https:\/\/kamilozekli.inodemo.com.tr\/#website"},"primaryImageOfPage":{"@id":"https:\/\/kamilozekli.inodemo.com.tr\/?page_id=10#primaryimage"},"image":{"@id":"https:\/\/kamilozekli.inodemo.com.tr\/?page_id=10#primaryimage"},"thumbnailUrl":"https:\/\/via.placeholder.com\/800x400?text=Kamil+%C3%96zekli+Klinik","datePublished":"2025-07-06T13:30:02+00:00","dateModified":"2025-07-06T14:02:08+00:00","breadcrumb":{"@id":"https:\/\/kamilozekli.inodemo.com.tr\/?page_id=10#breadcrumb"},"inLanguage":"tr","potentialAction":[{"@type":"ReadAction","target":["https:\/\/kamilozekli.inodemo.com.tr\/?page_id=10"]}]},{"@type":"ImageObject","inLanguage":"tr","@id":"https:\/\/kamilozekli.inodemo.com.tr\/?page_id=10#primaryimage","url":"https:\/\/via.placeholder.com\/800x400?text=Kamil+%C3%96zekli+Klinik","contentUrl":"https:\/\/via.placeholder.com\/800x400?text=Kamil+%C3%96zekli+Klinik"},{"@type":"BreadcrumbList","@id":"https:\/\/kamilozekli.inodemo.com.tr\/?page_id=10#breadcrumb","itemListElement":[{"@type":"ListItem","position":1,"name":"Anasayfa","item":"https:\/\/kamilozekli.inodemo.com.tr\/"},{"@type":"ListItem","position":2,"name":"Kurumsal"}]},{"@type":"WebSite","@id":"https:\/\/kamilozekli.inodemo.com.tr\/#website","url":"https:\/\/kamilozekli.inodemo.com.tr\/","name":"Uzm. Dr. Kamil \u00d6ZEKL\u0130","description":"","potentialAction":[{"@type":"SearchAction","target":{"@type":"EntryPoint","urlTemplate":"https:\/\/kamilozekli.inodemo.com.tr\/?s={search_term_string}"},"query-input":{"@type":"PropertyValueSpecification","valueRequired":true,"valueName":"search_term_string"}}],"inLanguage":"tr"}]}},"_links":{"self":[{"href":"https:\/\/kamilozekli.inodemo.com.tr\/index.php?rest_route=\/wp\/v2\/pages\/10","targetHints":{"allow":["GET"]}}],"collection":[{"href":"https:\/\/kamilozekli.inodemo.com.tr\/index.php?rest_route=\/wp\/v2\/pages"}],"about":[{"href":"https:\/\/kamilozekli.inodemo.com.tr\/index.php?rest_route=\/wp\/v2\/types\/page"}],"author":[{"embeddable":true,"href":"https:\/\/kamilozekli.inodemo.com.tr\/index.php?rest_route=\/wp\/v2\/users\/1"}],"replies":[{"embeddable":true,"href":"https:\/\/kamilozekli.inodemo.com.tr\/index.php?rest_route=%2Fwp%2Fv2%2Fcomments&post=10"}],"version-history":[{"count":1,"href":"https:\/\/kamilozekli.inodemo.com.tr\/index.php?rest_route=\/wp\/v2\/pages\/10\/revisions"}],"predecessor-version":[{"id":45,"href":"https:\/\/kamilozekli.inodemo.com.tr\/index.php?rest_route=\/wp\/v2\/pages\/10\/revisions\/45"}],"wp:attachment":[{"href":"https:\/\/kamilozekli.inodemo.com.tr\/index.php?rest_route=%2Fwp%2Fv2%2Fmedia&parent=10"}],"curies":[{"name":"wp","href":"https:\/\/api.w.org\/{rel}","templated":true}]}}